{"id":20,"date":"2025-04-24T22:23:12","date_gmt":"2025-04-24T20:23:12","guid":{"rendered":"https:\/\/permisbateauxredon.bzh\/?page_id=20"},"modified":"2025-11-26T12:00:19","modified_gmt":"2025-11-26T11:00:19","slug":"permis-hauturier","status":"publish","type":"page","link":"https:\/\/permisbateauxredon.bzh\/index.php\/permis-hauturier\/","title":{"rendered":"Permis Hauturier"},"content":{"rendered":"\n<p>\u00ab\u00a0<em>La mer, c&rsquo;est la partie de la Terre que je pr\u00e9f\u00e8re<\/em>\u00a0\u00bb (Olivier de Kersauzon)<\/p>\n\n\n\n<p>Appel\u00e9e commun\u00e9ment \u00ab\u00a0permis hauturier\u00a0\u00bb, <strong>l&rsquo;extension hauturi\u00e8re<\/strong> vous permet de naviguer au del\u00e0 de 6 milles d&rsquo;un abri avec un bateau \u00e0 moteur. Il est n\u00e9cessaire d&rsquo;\u00eatre d\u00e9j\u00e0 titulaire du permis c\u00f4tier.<\/p>\n\n\n\n<p>Au del\u00e0 de l&rsquo;examen, le hauturier permet une meilleure compr\u00e9hension de l&rsquo;art de naviguer malgr\u00e9 d\u00e9rive, courant et mar\u00e9es. Un exercice intellectuel tr\u00e8s satisfaisant.<\/p>\n\n\n\n<div class=\"wp-block-group is-layout-constrained wp-block-group-is-layout-constrained\">\n<p><strong>L&rsquo;examen&nbsp;<\/strong>:<\/p>\n\n\n\n<p>il se d\u00e9roule dans les locaux de la&nbsp;Direction de la&nbsp;Mer et dure 1h30.<\/p>\n\n\n\n<ul class=\"wp-block-list\">\n<li>2 exercices de carte (2 fois 6 points)<\/li>\n\n\n\n<li>1 exercice de mar\u00e9e (4 points)<\/li>\n\n\n\n<li>1 QCM sp\u00e9cifique (4 points)<\/li>\n<\/ul>\n<\/div>\n\n\n\n<div class=\"wp-block-group is-layout-constrained wp-block-group-is-layout-constrained\">\n<p><strong>D\u00e9roulement des cours<\/strong>&nbsp;<\/p>\n\n\n\n<p>les mardis 18h00-20h30<\/p>\n\n\n\n<ul class=\"wp-block-list\">\n<li>4 cours&nbsp;th\u00e9oriques<\/li>\n\n\n\n<li>4\/5 s\u00e9ances d&rsquo;entrainement de 2 heures<\/li>\n\n\n\n<li>cours et exercices en ligne pour s&rsquo;entra\u00eener (abonnement fourni)<\/li>\n\n\n\n<li>carte n\u00b0 9999 \u00e0 votre charge (shipchandlers)<\/li>\n\n\n\n<li>compas \u00e0 pointes s\u00e8ches et r\u00e8gle rapporteur pr\u00eat\u00e9s par le bateau-\u00e9cole <\/li>\n<\/ul>\n\n\n\n<hr class=\"wp-block-separator has-alpha-channel-opacity\"\/>\n\n\n\n<div class=\"wp-block-buttons is-content-justification-center is-layout-flex wp-container-core-buttons-is-layout-a89b3969 wp-block-buttons-is-layout-flex\">\n<div class=\"wp-block-button is-style-outline is-style-outline--1\"><a class=\"wp-block-button__link wp-element-button\" href=\"tel:+33614078788\" rel=\"nofollow\">nous appeler<\/a><\/div>\n\n\n\n<div class=\"wp-block-button is-style-outline is-style-outline--2\"><a class=\"wp-block-button__link wp-element-button\" href=\"mailto:info@permisbateauxredon.bzh\">nous \u00e9crire un mail<\/a><\/div>\n<\/div>\n\n\n\n<p class=\"has-text-align-center\"><\/p>\n\n\n\n<p class=\"has-text-align-center has-cyan-bluish-gray-background-color has-background has-large-font-size\"><a href=\"https:\/\/permisbateauxredon.bzh\/index.php\/nos-tarifs\/\" data-type=\"page\" data-id=\"209\">Nos tarifs<\/a><\/p>\n\n\n\n<p class=\"has-text-align-right\"><\/p>\n<\/div>\n\n\n\n<hr class=\"wp-block-separator has-alpha-channel-opacity\"\/>\n\n\n\n<div class=\"wp-block-group is-layout-constrained wp-block-group-is-layout-constrained\">\n<p><strong>LE DOSSIER<\/strong><\/p>\n\n\n\n<ul class=\"wp-block-list\">\n<li>Carte d&rsquo;identit\u00e9 ou passeport<\/li>\n\n\n\n<li>permis c\u00f4tier original<\/li>\n\n\n\n<li>1 photo d&rsquo;identit\u00e9<\/li>\n\n\n\n<li>timbre fiscal num\u00e9rique 38 \u20ac<\/li>\n\n\n\n<li>contrat du bateau-\u00e9cole compl\u00e9t\u00e9, sign\u00e9 et r\u00e9gl\u00e9<\/li>\n<\/ul>\n<\/div>\n\n\n\n<hr class=\"wp-block-separator has-alpha-channel-opacity\"\/>\n\n\n\n<p class=\"has-text-align-center\"><\/p>\n\n\n\n<p><\/p>\n","protected":false},"excerpt":{"rendered":"<p>\u00ab\u00a0La mer, c&rsquo;est la partie de la Terre que je pr\u00e9f\u00e8re\u00a0\u00bb (Olivier de Kersauzon) Appel\u00e9e commun\u00e9ment \u00ab\u00a0permis hauturier\u00a0\u00bb, l&rsquo;extension hauturi\u00e8re vous permet de naviguer au del\u00e0 de 6 milles d&rsquo;un abri avec un bateau \u00e0 moteur. Il est n\u00e9cessaire d&rsquo;\u00eatre d\u00e9j\u00e0 titulaire du permis c\u00f4tier. Au del\u00e0 de l&rsquo;examen, le hauturier permet une meilleure compr\u00e9hension [&hellip;]<\/p>\n","protected":false},"author":1,"featured_media":105,"parent":0,"menu_order":3,"comment_status":"closed","ping_status":"closed","template":"","meta":{"footnotes":""},"class_list":["post-20","page","type-page","status-publish","has-post-thumbnail","hentry"],"_links":{"self":[{"href":"https:\/\/permisbateauxredon.bzh\/index.php\/wp-json\/wp\/v2\/pages\/20","targetHints":{"allow":["GET"]}}],"collection":[{"href":"https:\/\/permisbateauxredon.bzh\/index.php\/wp-json\/wp\/v2\/pages"}],"about":[{"href":"https:\/\/permisbateauxredon.bzh\/index.php\/wp-json\/wp\/v2\/types\/page"}],"author":[{"embeddable":true,"href":"https:\/\/permisbateauxredon.bzh\/index.php\/wp-json\/wp\/v2\/users\/1"}],"replies":[{"embeddable":true,"href":"https:\/\/permisbateauxredon.bzh\/index.php\/wp-json\/wp\/v2\/comments?post=20"}],"version-history":[{"count":22,"href":"https:\/\/permisbateauxredon.bzh\/index.php\/wp-json\/wp\/v2\/pages\/20\/revisions"}],"predecessor-version":[{"id":404,"href":"https:\/\/permisbateauxredon.bzh\/index.php\/wp-json\/wp\/v2\/pages\/20\/revisions\/404"}],"wp:featuredmedia":[{"embeddable":true,"href":"https:\/\/permisbateauxredon.bzh\/index.php\/wp-json\/wp\/v2\/media\/105"}],"wp:attachment":[{"href":"https:\/\/permisbateauxredon.bzh\/index.php\/wp-json\/wp\/v2\/media?parent=20"}],"curies":[{"name":"wp","href":"https:\/\/api.w.org\/{rel}","templated":true}]}}