{"id":209,"date":"2025-07-02T00:49:36","date_gmt":"2025-07-01T22:49:36","guid":{"rendered":"https:\/\/permisbateauxredon.bzh\/?page_id=209"},"modified":"2026-01-14T14:17:43","modified_gmt":"2026-01-14T13:17:43","slug":"nos-tarifs","status":"publish","type":"page","link":"https:\/\/permisbateauxredon.bzh\/index.php\/nos-tarifs\/","title":{"rendered":"Nos tarifs"},"content":{"rendered":"\n<p><\/p>\n\n\n\n<p class=\"has-text-align-center\"><strong>Permis c\u00f4tier ou fluvial<\/strong><\/p>\n\n\n\n<figure class=\"wp-block-table\"><table class=\"has-fixed-layout\"><tbody><tr><td class=\"has-text-align-center\" data-align=\"center\">Tarif permis<\/td><td class=\"has-text-align-center\" data-align=\"center\">Examen code<\/td><td class=\"has-text-align-center\" data-align=\"center\">Timbre fiscal<\/td><\/tr><tr><td class=\"has-text-align-center\" data-align=\"center\">349 \u20ac<\/td><td class=\"has-text-align-center\" data-align=\"center\">30 \u20ac<\/td><td class=\"has-text-align-center\" data-align=\"center\">78 \u20ac<\/td><\/tr><\/tbody><\/table><\/figure>\n\n\n\n<hr class=\"wp-block-separator has-alpha-channel-opacity\"\/>\n\n\n\n<p class=\"has-text-align-center\"><strong>Combo 2 permis : Fluvial + c\u00f4tier <\/strong><\/p>\n\n\n\n<figure class=\"wp-block-table\"><table class=\"has-fixed-layout\"><tbody><tr><td class=\"has-text-align-center\" data-align=\"center\">Tarif 2 permis<\/td><td class=\"has-text-align-center\" data-align=\"center\">Examens code<\/td><td class=\"has-text-align-center\" data-align=\"center\">Timbre fiscal<\/td><\/tr><tr><td class=\"has-text-align-center\" data-align=\"center\">499 \u20ac<\/td><td class=\"has-text-align-center\" data-align=\"center\">30 \u20ac + 30 \u20ac<\/td><td class=\"has-text-align-center\" data-align=\"center\">78 \u20ac<\/td><\/tr><\/tbody><\/table><\/figure>\n\n\n\n<hr class=\"wp-block-separator has-alpha-channel-opacity\"\/>\n\n\n\n<p class=\"has-text-align-center\"><strong>Permis c\u00f4tier ou fluvial si vous \u00eates d\u00e9j\u00e0 titulaire de l&rsquo;un des deux permis<\/strong><\/p>\n\n\n\n<figure class=\"wp-block-table\"><table class=\"has-fixed-layout\"><tbody><tr><td class=\"has-text-align-center\" data-align=\"center\">Tarif permis<\/td><td class=\"has-text-align-center\" data-align=\"center\">Examen code<\/td><td class=\"has-text-align-center\" data-align=\"center\">Timbre fiscal<\/td><\/tr><tr><td class=\"has-text-align-center\" data-align=\"center\">220 \u20ac<\/td><td class=\"has-text-align-center\" data-align=\"center\">30 \u20ac<\/td><td class=\"has-text-align-center\" data-align=\"center\">&#8211; \u20ac<\/td><\/tr><\/tbody><\/table><\/figure>\n\n\n\n<hr class=\"wp-block-separator has-alpha-channel-opacity\"\/>\n\n\n\n<p class=\"has-text-align-center\"><strong>Permis hauturier<\/strong> (pr\u00e9-requis : \u00eatre titulaire du permis c\u00f4tier)<\/p>\n\n\n\n<figure class=\"wp-block-table\"><table class=\"has-fixed-layout\"><tbody><tr><td class=\"has-text-align-center\" data-align=\"center\">Tarif permis<\/td><td class=\"has-text-align-center\" data-align=\"center\">Carte n\u00b09999<\/td><td class=\"has-text-align-center\" data-align=\"center\">Timbre fiscal<\/td><\/tr><tr><td class=\"has-text-align-center\" data-align=\"center\">450 \u20ac<\/td><td class=\"has-text-align-center\" data-align=\"center\">45 \u20ac<\/td><td class=\"has-text-align-center\" data-align=\"center\">38 \u20ac<\/td><\/tr><\/tbody><\/table><\/figure>\n\n\n\n<hr class=\"wp-block-separator has-alpha-channel-opacity\"\/>\n\n\n\n<p class=\"has-text-align-center\"><strong>Extension<\/strong> <strong>Grande Plaisance<\/strong> (pr\u00e9-requis : \u00eatre titulaire du permis fluvial)<\/p>\n\n\n\n<figure class=\"wp-block-table\"><table class=\"has-fixed-layout\"><tbody><tr><td class=\"has-text-align-center\" data-align=\"center\">Tarif permis<\/td><td class=\"has-text-align-center\" data-align=\"center\">location bateau<\/td><td class=\"has-text-align-center\" data-align=\"center\">timbre fiscal<\/td><\/tr><tr><td class=\"has-text-align-center\" data-align=\"center\">700 \u20ac<\/td><td class=\"has-text-align-center\" data-align=\"center\">150 \u00e0 200 \u20ac<\/td><td class=\"has-text-align-center\" data-align=\"center\">38 \u20ac<\/td><\/tr><\/tbody><\/table><\/figure>\n\n\n\n<hr class=\"wp-block-separator has-alpha-channel-opacity\"\/>\n\n\n\n<p class=\"has-text-align-center\"><strong>Coaching<\/strong> (pr\u00e9-requis : \u00eatre titulaire du permis fluvial ou c\u00f4tier)<\/p>\n\n\n\n<figure class=\"wp-block-table\"><table class=\"has-fixed-layout\"><tbody><tr><td class=\"has-text-align-center\" data-align=\"center\">Sur notre bateau <br>ou sur le votre (\u00e0 Redon)<\/td><td class=\"has-text-align-center\" data-align=\"center\">Frais d\u00e9placement si hors Redon<\/td><td class=\"has-text-align-center\" data-align=\"center\">Mise \u00e0 jour th\u00e9orie &amp; r\u00e8glementation (6h30)<\/td><\/tr><tr><td class=\"has-text-align-center\" data-align=\"center\">90 \u20ac \/ heure<\/td><td class=\"has-text-align-center\" data-align=\"center\">20 \u20ac + 1\u20ac \/ km<\/td><td class=\"has-text-align-center\" data-align=\"center\">30 \u20ac<\/td><\/tr><\/tbody><\/table><\/figure>\n\n\n\n<hr class=\"wp-block-separator has-alpha-channel-opacity\"\/>\n\n\n\n<div class=\"wp-block-buttons is-content-justification-center is-layout-flex wp-container-core-buttons-is-layout-a89b3969 wp-block-buttons-is-layout-flex\">\n<div class=\"wp-block-button is-style-outline is-style-outline--1\"><a class=\"wp-block-button__link wp-element-button\" href=\"tel:+33614078788\" rel=\"nofollow\">nous appeler<\/a><\/div>\n\n\n\n<div class=\"wp-block-button is-style-outline is-style-outline--2\"><a class=\"wp-block-button__link wp-element-button\" href=\"mailto:info@permisbateauxredon.bzh\">nous \u00e9crire un mail<\/a><\/div>\n<\/div>\n\n\n\n<p class=\"has-text-align-center\"><\/p>\n\n\n\n<p><\/p>\n","protected":false},"excerpt":{"rendered":"<p>Permis c\u00f4tier ou fluvial Tarif permis Examen code Timbre fiscal 349 \u20ac 30 \u20ac 78 \u20ac Combo 2 permis : Fluvial + c\u00f4tier Tarif 2 permis Examens code Timbre fiscal 499 \u20ac 30 \u20ac + 30 \u20ac 78 \u20ac Permis c\u00f4tier ou fluvial si vous \u00eates d\u00e9j\u00e0 titulaire de l&rsquo;un des deux permis Tarif permis [&hellip;]<\/p>\n","protected":false},"author":1,"featured_media":114,"parent":0,"menu_order":0,"comment_status":"closed","ping_status":"closed","template":"","meta":{"footnotes":""},"class_list":["post-209","page","type-page","status-publish","has-post-thumbnail","hentry"],"_links":{"self":[{"href":"https:\/\/permisbateauxredon.bzh\/index.php\/wp-json\/wp\/v2\/pages\/209","targetHints":{"allow":["GET"]}}],"collection":[{"href":"https:\/\/permisbateauxredon.bzh\/index.php\/wp-json\/wp\/v2\/pages"}],"about":[{"href":"https:\/\/permisbateauxredon.bzh\/index.php\/wp-json\/wp\/v2\/types\/page"}],"author":[{"embeddable":true,"href":"https:\/\/permisbateauxredon.bzh\/index.php\/wp-json\/wp\/v2\/users\/1"}],"replies":[{"embeddable":true,"href":"https:\/\/permisbateauxredon.bzh\/index.php\/wp-json\/wp\/v2\/comments?post=209"}],"version-history":[{"count":20,"href":"https:\/\/permisbateauxredon.bzh\/index.php\/wp-json\/wp\/v2\/pages\/209\/revisions"}],"predecessor-version":[{"id":436,"href":"https:\/\/permisbateauxredon.bzh\/index.php\/wp-json\/wp\/v2\/pages\/209\/revisions\/436"}],"wp:featuredmedia":[{"embeddable":true,"href":"https:\/\/permisbateauxredon.bzh\/index.php\/wp-json\/wp\/v2\/media\/114"}],"wp:attachment":[{"href":"https:\/\/permisbateauxredon.bzh\/index.php\/wp-json\/wp\/v2\/media?parent=209"}],"curies":[{"name":"wp","href":"https:\/\/api.w.org\/{rel}","templated":true}]}}