{"id":22,"date":"2025-04-24T22:23:44","date_gmt":"2025-04-24T20:23:44","guid":{"rendered":"https:\/\/permisbateauxredon.bzh\/?page_id=22"},"modified":"2025-11-26T12:02:15","modified_gmt":"2025-11-26T11:02:15","slug":"permis-fluvial","status":"publish","type":"page","link":"https:\/\/permisbateauxredon.bzh\/index.php\/permis-fluvial\/","title":{"rendered":"Permis Fluvial"},"content":{"rendered":"\n<p>\u00ab\u00a0<em>C&rsquo;est en allant vers la mer que le fleuve reste fid\u00e8le a sa source<\/em>\u00a0\u00bb (Jean Jaur\u00e8s)<\/p>\n\n\n\n<div class=\"wp-block-group is-layout-constrained wp-block-group-is-layout-constrained\">\n<div class=\"wp-block-group is-layout-constrained wp-block-group-is-layout-constrained\">\n<p>C&rsquo;est le permis <strong>eaux int\u00e9rieures<\/strong> qui vous donne acc\u00e8s \u00e0 8500 km de fleuves, canaux et rivi\u00e8res navigables en France, sans compter les pays voisins &#8230;<\/p>\n\n\n\n<div class=\"wp-block-group is-layout-constrained wp-block-group-is-layout-constrained\">\n<div class=\"wp-block-group is-layout-constrained wp-block-group-is-layout-constrained\">\n<div class=\"wp-block-group is-layout-constrained wp-block-group-is-layout-constrained\">\n<p><strong> Examen th\u00e9orique<\/strong><\/p>\n\n\n\n<p>C&rsquo;est le \u00ab\u00a0code\u00a0\u00bb, un QCM de 40 questions qui se passe dans un centre d&rsquo;examen agr\u00e9\u00e9 (comme La Poste) au prix de 30\u20ac\/ passage (il vaut mieux \u00eatre pr\u00eat !) Pour r\u00e9ussir, il faut avoir correctement r\u00e9pondu \u00e0 35 questions. Votre moniteur vous y pr\u00e9pare avec :<\/p>\n\n\n\n<div class=\"wp-block-group is-layout-constrained wp-block-group-is-layout-constrained\">\n<ul class=\"wp-block-list\">\n<li>6h30 de cours th\u00e9oriques pour comprendre l&rsquo;essentiel des r\u00e8gles (le balisage, les feux des navires, les r\u00e8gles de barre, les signaux sonores, etc.) dont 1h30 consacr\u00e9e aux comp\u00e9tences du chef de bord (s\u00e9curit\u00e9, VHF, m\u00e9t\u00e9o, carte marine)<\/li>\n\n\n\n<li>un livret de code (derni\u00e8re \u00e9dition)<\/li>\n\n\n\n<li>un abonnement (inclus dans le forfait) sur le meilleur site d&rsquo;entrainement en ligne qui vous permettra de vous \u00e9valuer et de progresser. Lorsque vous obtiendrez de bons scores vous pourrez alors vous pr\u00e9senter avec succ\u00e8s \u00e0 l&rsquo;examen.<\/li>\n<\/ul>\n\n\n\n<p>Les cours th\u00e9oriques ont lieu soit :<\/p>\n\n\n\n<ul class=\"wp-block-list\">\n<li>sur une journ\u00e9e (le samedi) <\/li>\n\n\n\n<li>ou sur 2 demi-journ\u00e9es en semaine (selon dispos)<\/li>\n<\/ul>\n\n\n\n<p>Apr\u00e8s les cours, votre bateau-\u00e9cole reste ouvert (en matin\u00e9e) pour r\u00e9pondre \u00e0 toutes questions ou difficult\u00e9s que vous pourriez rencontrer. Votre moniteur vous accompagne jusqu&rsquo;au succ\u00e8s.<\/p>\n<\/div>\n<\/div>\n<\/div>\n<\/div>\n\n\n\n<div class=\"wp-block-group is-layout-constrained wp-block-group-is-layout-constrained\">\n<div class=\"wp-block-group is-layout-constrained wp-block-group-is-layout-constrained\">\n<p><strong>Test pratique<\/strong><\/p>\n\n\n\n<p>2h&nbsp;de pilotage \u00e0 la barre minimum, un seul \u00e9l\u00e8ve \u00e0 la fois, pour pratiquer et&nbsp;r\u00e9ussir les manoeuvres de base ; le permis sera valid\u00e9 en fin de s\u00e9ance par votre moniteur si vous avez correctement r\u00e9alis\u00e9 l&rsquo;ensemble des manoeuvres exig\u00e9es. <\/p>\n\n\n\n<p>Les sessions pratiques ont lieu sur rendez-vous,&nbsp;les apr\u00e8s-midi en semaine ou le week-end,&nbsp;<strong>seulement apr\u00e8s r\u00e9ussite de l&rsquo;examen th\u00e9orique<\/strong><\/p>\n\n\n\n<hr class=\"wp-block-separator has-alpha-channel-opacity\"\/>\n<\/div>\n<\/div>\n\n\n\n<div class=\"wp-block-buttons is-content-justification-center is-layout-flex wp-container-core-buttons-is-layout-a89b3969 wp-block-buttons-is-layout-flex\">\n<div class=\"wp-block-button is-style-outline is-style-outline--1\"><a class=\"wp-block-button__link wp-element-button\" href=\"tel:+33614078788\" rel=\"nofollow\">nous appeler<\/a><\/div>\n\n\n\n<div class=\"wp-block-button is-style-outline is-style-outline--2\"><a class=\"wp-block-button__link wp-element-button\" href=\"mailto:info@permisbateauxredon.bzh\">nous \u00e9crire un mail<\/a><\/div>\n<\/div>\n\n\n\n<p class=\"has-text-align-center\"><\/p>\n\n\n\n<p class=\"has-text-align-center has-cyan-bluish-gray-background-color has-background has-large-font-size\"><a href=\"https:\/\/permisbateauxredon.bzh\/index.php\/nos-tarifs\/\" data-type=\"page\" data-id=\"209\">Nos tarifs<\/a><\/p>\n<\/div>\n\n\n\n<hr class=\"wp-block-separator has-alpha-channel-opacity\"\/>\n\n\n\n<h5 class=\"wp-block-heading has-text-align-center\" id=\"h.vj0pjwaa76rz_l\">Dossier fluvial<\/h5>\n\n\n\n<ul class=\"wp-block-list\">\n<li>original CNI \/ passeport<\/li>\n\n\n\n<li>certificat m\u00e9dical (ci-dessous) sign\u00e9 par votre docteur<\/li>\n\n\n\n<li>1 photo d\u2019identit\u00e9 r\u00e9cente<\/li>\n\n\n\n<li>timbre fiscal&nbsp;<strong>num\u00e9rique<\/strong>&nbsp;de 78 \u20ac (d\u00e9livrance) sur&nbsp;<a href=\"http:\/\/www.timbres.impots.gouv.fr\/\" target=\"_blank\" rel=\"noreferrer noopener\">www.timbres.impots.gouv.fr<\/a>&nbsp;<\/li>\n\n\n\n<li>contrat du bateau-\u00e9cole compl\u00e9t\u00e9, sign\u00e9 et r\u00e9gl\u00e9<\/li>\n<\/ul>\n\n\n\n<figure class=\"wp-block-image\"><img loading=\"lazy\" decoding=\"async\" width=\"724\" height=\"1024\" src=\"https:\/\/permisbateauxredon.bzh\/wp-content\/uploads\/2025\/04\/Untitled-1-724x1024.jpg\" alt=\"\" class=\"wp-image-43\" srcset=\"https:\/\/permisbateauxredon.bzh\/wp-content\/uploads\/2025\/04\/Untitled-1-724x1024.jpg 724w, https:\/\/permisbateauxredon.bzh\/wp-content\/uploads\/2025\/04\/Untitled-1-212x300.jpg 212w, https:\/\/permisbateauxredon.bzh\/wp-content\/uploads\/2025\/04\/Untitled-1-768x1086.jpg 768w, https:\/\/permisbateauxredon.bzh\/wp-content\/uploads\/2025\/04\/Untitled-1-1086x1536.jpg 1086w, https:\/\/permisbateauxredon.bzh\/wp-content\/uploads\/2025\/04\/Untitled-1.jpg 1240w\" sizes=\"auto, (max-width: 724px) 100vw, 724px\" \/><\/figure>\n\n\n\n<div class=\"wp-block-group is-layout-constrained wp-block-group-is-layout-constrained\"><\/div>\n<\/div>\n\n\n\n<p class=\"has-text-align-center\"><\/p>\n","protected":false},"excerpt":{"rendered":"<p>\u00ab\u00a0C&rsquo;est en allant vers la mer que le fleuve reste fid\u00e8le a sa source\u00a0\u00bb (Jean Jaur\u00e8s) C&rsquo;est le permis eaux int\u00e9rieures qui vous donne acc\u00e8s \u00e0 8500 km de fleuves, canaux et rivi\u00e8res navigables en France, sans compter les pays voisins &#8230; Examen th\u00e9orique C&rsquo;est le \u00ab\u00a0code\u00a0\u00bb, un QCM de 40 questions qui se passe [&hellip;]<\/p>\n","protected":false},"author":1,"featured_media":70,"parent":0,"menu_order":4,"comment_status":"closed","ping_status":"closed","template":"","meta":{"footnotes":""},"class_list":["post-22","page","type-page","status-publish","has-post-thumbnail","hentry"],"_links":{"self":[{"href":"https:\/\/permisbateauxredon.bzh\/index.php\/wp-json\/wp\/v2\/pages\/22","targetHints":{"allow":["GET"]}}],"collection":[{"href":"https:\/\/permisbateauxredon.bzh\/index.php\/wp-json\/wp\/v2\/pages"}],"about":[{"href":"https:\/\/permisbateauxredon.bzh\/index.php\/wp-json\/wp\/v2\/types\/page"}],"author":[{"embeddable":true,"href":"https:\/\/permisbateauxredon.bzh\/index.php\/wp-json\/wp\/v2\/users\/1"}],"replies":[{"embeddable":true,"href":"https:\/\/permisbateauxredon.bzh\/index.php\/wp-json\/wp\/v2\/comments?post=22"}],"version-history":[{"count":25,"href":"https:\/\/permisbateauxredon.bzh\/index.php\/wp-json\/wp\/v2\/pages\/22\/revisions"}],"predecessor-version":[{"id":406,"href":"https:\/\/permisbateauxredon.bzh\/index.php\/wp-json\/wp\/v2\/pages\/22\/revisions\/406"}],"wp:featuredmedia":[{"embeddable":true,"href":"https:\/\/permisbateauxredon.bzh\/index.php\/wp-json\/wp\/v2\/media\/70"}],"wp:attachment":[{"href":"https:\/\/permisbateauxredon.bzh\/index.php\/wp-json\/wp\/v2\/media?parent=22"}],"curies":[{"name":"wp","href":"https:\/\/api.w.org\/{rel}","templated":true}]}}