{"id":26,"date":"2025-04-24T22:25:08","date_gmt":"2025-04-24T20:25:08","guid":{"rendered":"https:\/\/permisbateauxredon.bzh\/?page_id=26"},"modified":"2025-11-26T12:12:52","modified_gmt":"2025-11-26T11:12:52","slug":"coaching","status":"publish","type":"page","link":"https:\/\/permisbateauxredon.bzh\/index.php\/coaching\/","title":{"rendered":"Coaching &amp; (re)mise \u00e0 niveau"},"content":{"rendered":"\n<blockquote class=\"wp-block-quote is-layout-flow wp-block-quote-is-layout-flow\">\n<p><em>L&rsquo;exp\u00e9rience est un peigne que vous donne la vie quand vous \u00eates devenu chauve<\/em> (Bernard Blier)<\/p>\n<\/blockquote>\n\n\n\n<p>Ma passion pour la mer et les canaux va au-del\u00e0 du permis.<\/p>\n\n\n\n<p><strong>S\u00e9ance pratique, manoeuvres de base<\/strong> :<\/p>\n\n\n\n<div class=\"wp-block-group is-layout-constrained wp-block-group-is-layout-constrained\">\n<p>Je propose \u00e0 ceux dont le permis date un peu et qui n\u2019osent pas louer ou acheter, une s\u00e9ance de remise \u00e0 niveau. Reprendre la barre, retrouver les r\u00e9flexes de base dans un contexte rassurant, c\u2019est toujours plus facile.\u00a0De m\u00eame un nouveau bateau plus grand ou plus difficile \u00e0 manier peut n\u00e9cessiter un accompagnement dans sa prise en main.<\/p>\n\n\n\n<p>-> Sur rendez-vous, avec votre propre bateau ou avec le PADAWAN \u00e0 Redon, gagnez en exp\u00e9rience !<\/p>\n\n\n\n<hr class=\"wp-block-separator has-alpha-channel-opacity\"\/>\n\n\n\n<p><strong>Assister \u00e0 un cours pour mettre \u00e0 jour ses connaissances<\/strong><\/p>\n\n\n\n<p>La r\u00e8glementation a peut-\u00eatre chang\u00e9 depuis votre permis ? <\/p>\n\n\n\n<p>Pour les <strong>voileux<\/strong>, dispens\u00e9s du permis, il n&rsquo;est pas inutile de conna\u00eetre les finesses du balisage, des feux des navires, de la navigation c\u00f4ti\u00e8re, de la signalisation des ports, de l&rsquo;armement de s\u00e9curit\u00e9 &#8230;<\/p>\n\n\n\n<hr class=\"wp-block-separator has-alpha-channel-opacity\"\/>\n\n\n\n<p><strong>Approfondir un domaine, sous forme de session collective<\/strong> <\/p>\n\n\n\n<ul class=\"wp-block-list\">\n<li>matelotage (noeuds, \u00e9pissures, outils, \u2026)<\/li>\n\n\n\n<li>coordination \/ gestion \u00e9quipiers<\/li>\n\n\n\n<li>s\u00e9curit\u00e9 en mer (manipulation de survie, de feux \u00e0 main, conduite \u00e0 tenir, \u2026)<\/li>\n\n\n\n<li>navigation nocturne \/ \u00e9lectronique de navigation<\/li>\n\n\n\n<li>analyse de carte marine et navigation c\u00f4ti\u00e8re<\/li>\n\n\n\n<li>mar\u00e9es<\/li>\n\n\n\n<li>\u2026\u00a0<\/li>\n<\/ul>\n<\/div>\n\n\n\n<hr class=\"wp-block-separator has-alpha-channel-opacity\"\/>\n\n\n\n<div class=\"wp-block-buttons is-content-justification-center is-layout-flex wp-container-core-buttons-is-layout-a89b3969 wp-block-buttons-is-layout-flex\">\n<div class=\"wp-block-button is-style-outline is-style-outline--1\"><a class=\"wp-block-button__link wp-element-button\" href=\"tel:+33614078788\" rel=\"nofollow\">nous appeler<\/a><\/div>\n\n\n\n<div class=\"wp-block-button is-style-outline is-style-outline--2\"><a class=\"wp-block-button__link wp-element-button\" href=\"mailto:info@permisbateauxredon.bzh\">nous \u00e9crire un mail<\/a><\/div>\n<\/div>\n\n\n\n<p class=\"has-text-align-center has-cyan-bluish-gray-background-color has-background has-large-font-size\"><a href=\"https:\/\/permisbateauxredon.bzh\/index.php\/nos-tarifs\/\" data-type=\"page\" data-id=\"209\">Nos tarifs<\/a><\/p>\n\n\n\n<p><\/p>\n","protected":false},"excerpt":{"rendered":"<p>L&rsquo;exp\u00e9rience est un peigne que vous donne la vie quand vous \u00eates devenu chauve (Bernard Blier) Ma passion pour la mer et les canaux va au-del\u00e0 du permis. S\u00e9ance pratique, manoeuvres de base : Je propose \u00e0 ceux dont le permis date un peu et qui n\u2019osent pas louer ou acheter, une s\u00e9ance de remise [&hellip;]<\/p>\n","protected":false},"author":1,"featured_media":108,"parent":0,"menu_order":5,"comment_status":"closed","ping_status":"closed","template":"","meta":{"footnotes":""},"class_list":["post-26","page","type-page","status-publish","has-post-thumbnail","hentry"],"_links":{"self":[{"href":"https:\/\/permisbateauxredon.bzh\/index.php\/wp-json\/wp\/v2\/pages\/26","targetHints":{"allow":["GET"]}}],"collection":[{"href":"https:\/\/permisbateauxredon.bzh\/index.php\/wp-json\/wp\/v2\/pages"}],"about":[{"href":"https:\/\/permisbateauxredon.bzh\/index.php\/wp-json\/wp\/v2\/types\/page"}],"author":[{"embeddable":true,"href":"https:\/\/permisbateauxredon.bzh\/index.php\/wp-json\/wp\/v2\/users\/1"}],"replies":[{"embeddable":true,"href":"https:\/\/permisbateauxredon.bzh\/index.php\/wp-json\/wp\/v2\/comments?post=26"}],"version-history":[{"count":18,"href":"https:\/\/permisbateauxredon.bzh\/index.php\/wp-json\/wp\/v2\/pages\/26\/revisions"}],"predecessor-version":[{"id":408,"href":"https:\/\/permisbateauxredon.bzh\/index.php\/wp-json\/wp\/v2\/pages\/26\/revisions\/408"}],"wp:featuredmedia":[{"embeddable":true,"href":"https:\/\/permisbateauxredon.bzh\/index.php\/wp-json\/wp\/v2\/media\/108"}],"wp:attachment":[{"href":"https:\/\/permisbateauxredon.bzh\/index.php\/wp-json\/wp\/v2\/media?parent=26"}],"curies":[{"name":"wp","href":"https:\/\/api.w.org\/{rel}","templated":true}]}}