{"id":415,"date":"2026-01-14T13:56:12","date_gmt":"2026-01-14T12:56:12","guid":{"rendered":"https:\/\/permisbateauxredon.bzh\/?page_id=415"},"modified":"2026-01-15T11:51:40","modified_gmt":"2026-01-15T10:51:40","slug":"extension-grande-plaisance","status":"publish","type":"page","link":"https:\/\/permisbateauxredon.bzh\/index.php\/extension-grande-plaisance\/","title":{"rendered":"Extension grande plaisance"},"content":{"rendered":"\n<p>L&rsquo;Extension Grande Plaisance s&rsquo;adresse aux d\u00e9tenteurs du permis \u00ab\u00a0eaux int\u00e9rieures\u00a0\u00bb (aussi appel\u00e9 fluvial) souhaitant piloter des unit\u00e9s de longueur sup\u00e9rieure \u00e0 20 m.<\/p>\n\n\n\n<p>2 \u00e9tapes sont n\u00e9cessaires r\u00e9parties <span style=\"text-decoration: underline;\">obligatoirement<\/span> sur 2 jours : <\/p>\n\n\n\n<figure class=\"wp-block-image size-large\"><img loading=\"lazy\" decoding=\"async\" width=\"1024\" height=\"768\" src=\"http:\/\/permisbateauxredon.bzh\/wp-content\/uploads\/2026\/01\/IMG_5304-1024x768.jpeg\" alt=\"\" class=\"wp-image-417\" srcset=\"https:\/\/permisbateauxredon.bzh\/wp-content\/uploads\/2026\/01\/IMG_5304-1024x768.jpeg 1024w, https:\/\/permisbateauxredon.bzh\/wp-content\/uploads\/2026\/01\/IMG_5304-300x225.jpeg 300w, https:\/\/permisbateauxredon.bzh\/wp-content\/uploads\/2026\/01\/IMG_5304-768x576.jpeg 768w, https:\/\/permisbateauxredon.bzh\/wp-content\/uploads\/2026\/01\/IMG_5304-1536x1152.jpeg 1536w, https:\/\/permisbateauxredon.bzh\/wp-content\/uploads\/2026\/01\/IMG_5304-2048x1536.jpeg 2048w\" sizes=\"auto, (max-width: 1024px) 100vw, 1024px\" \/><\/figure>\n\n\n\n<ul class=\"wp-block-list\">\n<li><strong>jour 1 <\/strong>: 4 heures de th\u00e9orie pour aborder les particularit\u00e9s des grandes unit\u00e9s en termes de s\u00e9curit\u00e9, de r\u00e9glementation, etc. <\/li>\n\n\n\n<li><strong>jour 2<\/strong> : 5 heures de navigation sur une unit\u00e9 de plus de 20 m, avec passage d&rsquo;\u00e9cluse, accostage et appareillage, demi-tours et navigations sur un trajet d\u00e9fini par le moniteur.<\/li>\n<\/ul>\n\n\n\n<p>Le bateau sur lequel nous allons faire la pratique est un automoteur (ou p\u00e9niche) de 27m que nous louons pour l&rsquo;occasion. Pour tenir compte des diff\u00e9rentes contraintes du bateau-\u00e9cole et de la location de bateau, la pratique s&rsquo;effectue par bin\u00f4me d&rsquo;\u00e9l\u00e8ves. La location du bateau s&rsquo;ajoute au tarif \u00e9cole (ce prix peut varier suivant le bateau disponible, compter 150 \u00e0 200\u20ac par personne, \u00e0 r\u00e9gler directement sur le bateau).<\/p>\n\n\n\n<p><\/p>\n\n\n\n<hr class=\"wp-block-separator has-alpha-channel-opacity\"\/>\n\n\n\n<div class=\"wp-block-buttons is-content-justification-center is-layout-flex wp-container-core-buttons-is-layout-a89b3969 wp-block-buttons-is-layout-flex\">\n<div class=\"wp-block-button is-style-outline is-style-outline--1\"><a class=\"wp-block-button__link wp-element-button\" href=\"tel:+33614078788\" rel=\"nofollow\">nous appeler<\/a><\/div>\n\n\n\n<div class=\"wp-block-button is-style-outline is-style-outline--2\"><a class=\"wp-block-button__link wp-element-button\" href=\"mailto:info@permisbateauxredon.bzh\">nous \u00e9crire un mail<\/a><\/div>\n<\/div>\n\n\n\n<p class=\"has-text-align-center has-cyan-bluish-gray-background-color has-background has-large-font-size\"><a href=\"https:\/\/permisbateauxredon.bzh\/index.php\/nos-tarifs\/\"><mark style=\"background-color:#abb8c3\" class=\"has-inline-color has-foreground-color\">Nos tarifs<\/mark><\/a><\/p>\n\n\n\n<hr class=\"wp-block-separator has-alpha-channel-opacity\"\/>\n\n\n\n<h2 class=\"wp-block-heading\">Dossier Extension Grande Plaisance<\/h2>\n\n\n\n<ul class=\"wp-block-list\">\n<li>original CNI \/ passeport<\/li>\n\n\n\n<li>1 photo d&rsquo;identit\u00e9 r\u00e9cente<\/li>\n\n\n\n<li>original du permis fluvial<\/li>\n\n\n\n<li>timbre fiscal <span style=\"text-decoration: underline;\"><strong>num\u00e9rique<\/strong><\/span> de 38 \u20ac sur&nbsp;<a href=\"http:\/\/www.timbres.impots.gouv.fr\/\" target=\"_blank\" rel=\"noreferrer noopener\">www.timbres.impots.gouv.fr<\/a>&nbsp;<\/li>\n\n\n\n<li>contrat du bateau-\u00e9cole compl\u00e9t\u00e9, sign\u00e9 et r\u00e9gl\u00e9<\/li>\n<\/ul>\n\n\n\n<figure class=\"wp-block-image size-large\"><img loading=\"lazy\" decoding=\"async\" width=\"1024\" height=\"768\" src=\"http:\/\/permisbateauxredon.bzh\/wp-content\/uploads\/2026\/01\/IMG_5297-1024x768.jpeg\" alt=\"\" class=\"wp-image-439\" srcset=\"https:\/\/permisbateauxredon.bzh\/wp-content\/uploads\/2026\/01\/IMG_5297-1024x768.jpeg 1024w, https:\/\/permisbateauxredon.bzh\/wp-content\/uploads\/2026\/01\/IMG_5297-300x225.jpeg 300w, https:\/\/permisbateauxredon.bzh\/wp-content\/uploads\/2026\/01\/IMG_5297-768x576.jpeg 768w, https:\/\/permisbateauxredon.bzh\/wp-content\/uploads\/2026\/01\/IMG_5297-1536x1152.jpeg 1536w, https:\/\/permisbateauxredon.bzh\/wp-content\/uploads\/2026\/01\/IMG_5297-2048x1536.jpeg 2048w\" sizes=\"auto, (max-width: 1024px) 100vw, 1024px\" \/><\/figure>\n\n\n\n<hr class=\"wp-block-separator has-alpha-channel-opacity\"\/>\n\n\n\n<p><\/p>\n","protected":false},"excerpt":{"rendered":"<p>L&rsquo;Extension Grande Plaisance s&rsquo;adresse aux d\u00e9tenteurs du permis \u00ab\u00a0eaux int\u00e9rieures\u00a0\u00bb (aussi appel\u00e9 fluvial) souhaitant piloter des unit\u00e9s de longueur sup\u00e9rieure \u00e0 20 m. 2 \u00e9tapes sont n\u00e9cessaires r\u00e9parties obligatoirement sur 2 jours : Le bateau sur lequel nous allons faire la pratique est un automoteur (ou p\u00e9niche) de 27m que nous louons pour l&rsquo;occasion. Pour [&hellip;]<\/p>\n","protected":false},"author":1,"featured_media":437,"parent":0,"menu_order":0,"comment_status":"closed","ping_status":"closed","template":"","meta":{"footnotes":""},"class_list":["post-415","page","type-page","status-publish","has-post-thumbnail","hentry"],"_links":{"self":[{"href":"https:\/\/permisbateauxredon.bzh\/index.php\/wp-json\/wp\/v2\/pages\/415","targetHints":{"allow":["GET"]}}],"collection":[{"href":"https:\/\/permisbateauxredon.bzh\/index.php\/wp-json\/wp\/v2\/pages"}],"about":[{"href":"https:\/\/permisbateauxredon.bzh\/index.php\/wp-json\/wp\/v2\/types\/page"}],"author":[{"embeddable":true,"href":"https:\/\/permisbateauxredon.bzh\/index.php\/wp-json\/wp\/v2\/users\/1"}],"replies":[{"embeddable":true,"href":"https:\/\/permisbateauxredon.bzh\/index.php\/wp-json\/wp\/v2\/comments?post=415"}],"version-history":[{"count":12,"href":"https:\/\/permisbateauxredon.bzh\/index.php\/wp-json\/wp\/v2\/pages\/415\/revisions"}],"predecessor-version":[{"id":441,"href":"https:\/\/permisbateauxredon.bzh\/index.php\/wp-json\/wp\/v2\/pages\/415\/revisions\/441"}],"wp:featuredmedia":[{"embeddable":true,"href":"https:\/\/permisbateauxredon.bzh\/index.php\/wp-json\/wp\/v2\/media\/437"}],"wp:attachment":[{"href":"https:\/\/permisbateauxredon.bzh\/index.php\/wp-json\/wp\/v2\/media?parent=415"}],"curies":[{"name":"wp","href":"https:\/\/api.w.org\/{rel}","templated":true}]}}